{"id":51539,"date":"2025-05-20T15:37:47","date_gmt":"2025-05-20T13:37:47","guid":{"rendered":"https:\/\/sienna-falcon-917440.hostingersite.com\/?post_type=product&#038;p=51539"},"modified":"2026-04-29T16:29:21","modified_gmt":"2026-04-29T14:29:21","slug":"abito-ibiza-bianca","status":"publish","type":"product","link":"https:\/\/ibimaremoda.com\/es\/producto\/abito-ibiza-bianca\/","title":{"rendered":"Vestido blanco de Ibiza"},"content":{"rendered":"<p>[et_pb_section fb_built=&#8221;1&#8243; _builder_version=&#8221;4.16&#8243; custom_padding=&#8221;0px||||false|false&#8221; global_colors_info=&#8221;{}&#8221;][et_pb_row _builder_version=&#8221;4.16&#8243; background_size=&#8221;initial&#8221; background_position=&#8221;top_left&#8221; background_repeat=&#8221;repeat&#8221; width=&#8221;100%&#8221; custom_padding=&#8221;0px||0px||false|false&#8221; global_colors_info=&#8221;{}&#8221;][et_pb_column type=&#8221;4_4&#8243; _builder_version=&#8221;4.16&#8243; custom_padding=&#8221;|||&#8221; global_colors_info=&#8221;{}&#8221; custom_padding__hover=&#8221;|||&#8221;][et_pb_wc_breadcrumb _builder_version=&#8221;4.27.4&#8243; body_font_size=&#8221;18px&#8221; global_colors_info=&#8221;{}&#8221;][\/et_pb_wc_breadcrumb][et_pb_wc_cart_notice _builder_version=&#8221;4.16&#8243; global_colors_info=&#8221;{}&#8221;][\/et_pb_wc_cart_notice][\/et_pb_column][\/et_pb_row][et_pb_row column_structure=&#8221;1_2,1_2&#8243; _builder_version=&#8221;4.16&#8243; background_size=&#8221;initial&#8221; background_position=&#8221;top_left&#8221; background_repeat=&#8221;repeat&#8221; width=&#8221;100%&#8221; custom_padding=&#8221;0px||||false|false&#8221; global_colors_info=&#8221;{}&#8221;][et_pb_column type=&#8221;1_2&#8243; _builder_version=&#8221;4.16&#8243; custom_padding=&#8221;|||&#8221; global_colors_info=&#8221;{}&#8221; custom_padding__hover=&#8221;|||&#8221;][et_pb_wc_images _builder_version=&#8221;4.16&#8243; global_colors_info=&#8221;{}&#8221;][\/et_pb_wc_images][\/et_pb_column][et_pb_column type=&#8221;1_2&#8243; _builder_version=&#8221;4.16&#8243; custom_padding=&#8221;|||&#8221; global_colors_info=&#8221;{}&#8221; custom_padding__hover=&#8221;|||&#8221;][et_pb_wc_title _builder_version=&#8221;4.27.4&#8243; header_font_size=&#8221;35px&#8221; global_colors_info=&#8221;{}&#8221;][\/et_pb_wc_title][et_pb_wc_rating _builder_version=&#8221;4.16&#8243; global_colors_info=&#8221;{}&#8221;][\/et_pb_wc_rating][et_pb_wc_price _builder_version=&#8221;4.27.4&#8243; body_font_size=&#8221;32px&#8221; global_colors_info=&#8221;{}&#8221;][\/et_pb_wc_price][et_pb_wc_description _builder_version=&#8221;4.27.4&#8243; body_font_size=&#8221;22px&#8221; global_colors_info=&#8221;{}&#8221;][\/et_pb_wc_description][et_pb_wc_add_to_cart _builder_version=&#8221;4.27.4&#8243; fields_focus_background_color=&#8221;#000000&#8243; fields_focus_text_color=&#8221;#000000&#8243; global_colors_info=&#8221;{}&#8221;][\/et_pb_wc_add_to_cart][et_pb_wc_meta _builder_version=&#8221;4.27.4&#8243; body_font_size=&#8221;21px&#8221; global_colors_info=&#8221;{}&#8221;][\/et_pb_wc_meta][et_pb_wc_tabs _builder_version=&#8221;4.27.4&#8243; global_colors_info=&#8221;{}&#8221;]\t\t\t\t\t[\/et_pb_wc_tabs][\/et_pb_column][\/et_pb_row][et_pb_row _builder_version=&#8221;4.16&#8243; background_size=&#8221;initial&#8221; background_position=&#8221;top_left&#8221; background_repeat=&#8221;repeat&#8221; width=&#8221;100%&#8221; global_colors_info=&#8221;{}&#8221;][et_pb_column type=&#8221;4_4&#8243; _builder_version=&#8221;4.16&#8243; custom_padding=&#8221;|||&#8221; global_colors_info=&#8221;{}&#8221; custom_padding__hover=&#8221;|||&#8221;][et_pb_wc_upsells _builder_version=&#8221;4.16&#8243; global_colors_info=&#8221;{}&#8221;][\/et_pb_wc_upsells][et_pb_wc_related_products _builder_version=&#8221;4.27.4&#8243; title_font_size=&#8221;33px&#8221; product_title_text_align=&#8221;center&#8221; price_font=&#8221;|600|||||||&#8221; price_text_align=&#8221;center&#8221; price_font_size=&#8221;23px&#8221; global_colors_info=&#8221;{}&#8221;][\/et_pb_wc_related_products][\/et_pb_column][\/et_pb_row][\/et_pb_section]<\/p>\n","protected":false},"excerpt":{"rendered":"<div class=\"page\" title=\"P\u00e1gina 1\">\n<div class=\"layoutArea\">\n<div class=\"column\">\n<p>Ibiza Blanco \u2013 Elegante vestido corto<\/p>\n<\/div>\n<\/div>\n<\/div>","protected":false},"featured_media":52130,"comment_status":"open","ping_status":"closed","template":"","meta":{"_et_pb_use_builder":"on","_et_pb_old_content":"<div class=\"page\" title=\"Page 1\">\r\n<div class=\"layoutArea\">\r\n<div class=\"column\">\r\n\r\nL\u2019abito Ibiza Bianca \u00e8 un capo dallo stile raffinato e naturale, pensato per accompagnare con eleganza i momenti pi\u00f9 luminosi della giornata.\r\n\r\nCaratterizzato da una scollatura a V sul davanti che valorizza il d\u00e9collet\u00e9 con semplicit\u00e0, presenta maniche lunghe leggermente balloon con polsino arricciato, che donano volume e femminilit\u00e0. Il punto vita arricciato crea movimento e leggerezza, accompagnando la figura con una linea fluida e armoniosa.\r\n\r\nSul retro, una delicata apertura a V con laccetti regolabili permette di adattare la vestibilit\u00e0 e aggiunge un dettaglio elegante e femminile.\r\n\r\nPerfetto per giornate estive, aperitivi al tramonto o occasioni speciali, Ibiza Bianca rappresenta l\u2019essenza dello stile mediterraneo: semplice, naturale e senza tempo.\r\n\r\n&nbsp;\r\n\r\n\u2022 Materiale: 100% lino naturale pregiato Libeco\r\n\u2022 Colori disponibili: bianco, beige chiaro, nero\r\n\u2022 Taglie consigliate: veste comodamente dalla 38 alla 44\r\n\u2022 Spedizione gratuita in Spagna (incluse Isole Baleari)\r\n\u2022 Spedizione gratuita in tutta Europa\r\n\u2022 Tempi di preparazione ordine: 1\u20133 giorni lavorativi\r\n\u2022 Realizzato artigianalmente in Italia\r\n\r\n<\/div>\r\n<\/div>\r\n<\/div>","_et_gb_content_width":""},"product_brand":[],"product_cat":[25],"product_tag":[],"class_list":{"0":"post-51539","1":"product","2":"type-product","3":"status-publish","4":"has-post-thumbnail","6":"product_cat-abiti","8":"first","9":"instock","10":"sale","11":"taxable","12":"shipping-taxable","13":"purchasable","14":"product-type-variable","15":"has-default-attributes"},"yoast_head":"<!-- This site is optimized with the Yoast SEO plugin v27.2 - https:\/\/yoast.com\/product\/yoast-seo-wordpress\/ -->\n<title>Abito Ibiza Bianca - Ibi Maremoda<\/title>\n<meta name=\"robots\" content=\"index, follow, max-snippet:-1, max-image-preview:large, max-video-preview:-1\" \/>\n<link rel=\"canonical\" href=\"https:\/\/ibimaremoda.com\/es\/producto\/abito-ibiza-bianca\/\" \/>\n<meta property=\"og:locale\" content=\"es_ES\" \/>\n<meta property=\"og:type\" content=\"article\" \/>\n<meta property=\"og:title\" content=\"Abito Ibiza Bianca - Ibi Maremoda\" \/>\n<meta property=\"og:description\" content=\"Ibiza Bianca - Abito Corto Elegante\" \/>\n<meta property=\"og:url\" content=\"https:\/\/ibimaremoda.com\/es\/producto\/abito-ibiza-bianca\/\" \/>\n<meta property=\"og:site_name\" content=\"Ibi Maremoda\" \/>\n<meta property=\"article:modified_time\" content=\"2026-04-29T14:29:21+00:00\" \/>\n<meta property=\"og:image\" content=\"https:\/\/ibimaremoda.com\/wp-content\/uploads\/2025\/05\/B6D7F3D9-089C-4C70-BE41-AEE5627FE8E3.png\" \/>\n\t<meta property=\"og:image:width\" content=\"1024\" \/>\n\t<meta property=\"og:image:height\" content=\"1024\" \/>\n\t<meta property=\"og:image:type\" content=\"image\/png\" \/>\n<meta name=\"twitter:card\" content=\"summary_large_image\" \/>\n<meta name=\"twitter:label1\" content=\"Tiempo de lectura\" \/>\n\t<meta name=\"twitter:data1\" content=\"3 minutos\" \/>\n<script type=\"application\/ld+json\" class=\"yoast-schema-graph\">{\"@context\":\"https:\/\/schema.org\",\"@graph\":[{\"@type\":\"WebPage\",\"@id\":\"https:\/\/ibimaremoda.com\/prodotto\/abito-ibiza-bianca\/\",\"url\":\"https:\/\/ibimaremoda.com\/prodotto\/abito-ibiza-bianca\/\",\"name\":\"Abito Ibiza Bianca - Ibi Maremoda\",\"isPartOf\":{\"@id\":\"https:\/\/ibimaremoda.com\/#website\"},\"primaryImageOfPage\":{\"@id\":\"https:\/\/ibimaremoda.com\/prodotto\/abito-ibiza-bianca\/#primaryimage\"},\"image\":{\"@id\":\"https:\/\/ibimaremoda.com\/prodotto\/abito-ibiza-bianca\/#primaryimage\"},\"thumbnailUrl\":\"https:\/\/ibimaremoda.com\/wp-content\/uploads\/2025\/05\/B6D7F3D9-089C-4C70-BE41-AEE5627FE8E3.png\",\"datePublished\":\"2025-05-20T13:37:47+00:00\",\"dateModified\":\"2026-04-29T14:29:21+00:00\",\"breadcrumb\":{\"@id\":\"https:\/\/ibimaremoda.com\/prodotto\/abito-ibiza-bianca\/#breadcrumb\"},\"inLanguage\":\"es\",\"potentialAction\":[{\"@type\":\"ReadAction\",\"target\":[\"https:\/\/ibimaremoda.com\/prodotto\/abito-ibiza-bianca\/\"]}]},{\"@type\":\"ImageObject\",\"inLanguage\":\"es\",\"@id\":\"https:\/\/ibimaremoda.com\/prodotto\/abito-ibiza-bianca\/#primaryimage\",\"url\":\"https:\/\/ibimaremoda.com\/wp-content\/uploads\/2025\/05\/B6D7F3D9-089C-4C70-BE41-AEE5627FE8E3.png\",\"contentUrl\":\"https:\/\/ibimaremoda.com\/wp-content\/uploads\/2025\/05\/B6D7F3D9-089C-4C70-BE41-AEE5627FE8E3.png\",\"width\":1024,\"height\":1024},{\"@type\":\"BreadcrumbList\",\"@id\":\"https:\/\/ibimaremoda.com\/prodotto\/abito-ibiza-bianca\/#breadcrumb\",\"itemListElement\":[{\"@type\":\"ListItem\",\"position\":1,\"name\":\"Home\",\"item\":\"https:\/\/ibimaremoda.com\/\"},{\"@type\":\"ListItem\",\"position\":2,\"name\":\"Shop\",\"item\":\"https:\/\/ibimaremoda.com\/negozio\/\"},{\"@type\":\"ListItem\",\"position\":3,\"name\":\"Abito Ibiza Bianca\"}]},{\"@type\":\"WebSite\",\"@id\":\"https:\/\/ibimaremoda.com\/#website\",\"url\":\"https:\/\/ibimaremoda.com\/\",\"name\":\"Ibi Maremoda\",\"description\":\"\",\"potentialAction\":[{\"@type\":\"SearchAction\",\"target\":{\"@type\":\"EntryPoint\",\"urlTemplate\":\"https:\/\/ibimaremoda.com\/?s={search_term_string}\"},\"query-input\":{\"@type\":\"PropertyValueSpecification\",\"valueRequired\":true,\"valueName\":\"search_term_string\"}}],\"inLanguage\":\"es\"}]}<\/script>\n<!-- \/ Yoast SEO plugin. -->","yoast_head_json":{"title":"Abito Ibiza Bianca - Ibi Maremoda","robots":{"index":"index","follow":"follow","max-snippet":"max-snippet:-1","max-image-preview":"max-image-preview:large","max-video-preview":"max-video-preview:-1"},"canonical":"https:\/\/ibimaremoda.com\/es\/producto\/abito-ibiza-bianca\/","og_locale":"es_ES","og_type":"article","og_title":"Abito Ibiza Bianca - Ibi Maremoda","og_description":"Ibiza Bianca - Abito Corto Elegante","og_url":"https:\/\/ibimaremoda.com\/es\/producto\/abito-ibiza-bianca\/","og_site_name":"Ibi Maremoda","article_modified_time":"2026-04-29T14:29:21+00:00","og_image":[{"width":1024,"height":1024,"url":"https:\/\/ibimaremoda.com\/wp-content\/uploads\/2025\/05\/B6D7F3D9-089C-4C70-BE41-AEE5627FE8E3.png","type":"image\/png"}],"twitter_card":"summary_large_image","twitter_misc":{"Tiempo de lectura":"3 minutos"},"schema":{"@context":"https:\/\/schema.org","@graph":[{"@type":"WebPage","@id":"https:\/\/ibimaremoda.com\/prodotto\/abito-ibiza-bianca\/","url":"https:\/\/ibimaremoda.com\/prodotto\/abito-ibiza-bianca\/","name":"Abito Ibiza Bianca - Ibi Maremoda","isPartOf":{"@id":"https:\/\/ibimaremoda.com\/#website"},"primaryImageOfPage":{"@id":"https:\/\/ibimaremoda.com\/prodotto\/abito-ibiza-bianca\/#primaryimage"},"image":{"@id":"https:\/\/ibimaremoda.com\/prodotto\/abito-ibiza-bianca\/#primaryimage"},"thumbnailUrl":"https:\/\/ibimaremoda.com\/wp-content\/uploads\/2025\/05\/B6D7F3D9-089C-4C70-BE41-AEE5627FE8E3.png","datePublished":"2025-05-20T13:37:47+00:00","dateModified":"2026-04-29T14:29:21+00:00","breadcrumb":{"@id":"https:\/\/ibimaremoda.com\/prodotto\/abito-ibiza-bianca\/#breadcrumb"},"inLanguage":"es","potentialAction":[{"@type":"ReadAction","target":["https:\/\/ibimaremoda.com\/prodotto\/abito-ibiza-bianca\/"]}]},{"@type":"ImageObject","inLanguage":"es","@id":"https:\/\/ibimaremoda.com\/prodotto\/abito-ibiza-bianca\/#primaryimage","url":"https:\/\/ibimaremoda.com\/wp-content\/uploads\/2025\/05\/B6D7F3D9-089C-4C70-BE41-AEE5627FE8E3.png","contentUrl":"https:\/\/ibimaremoda.com\/wp-content\/uploads\/2025\/05\/B6D7F3D9-089C-4C70-BE41-AEE5627FE8E3.png","width":1024,"height":1024},{"@type":"BreadcrumbList","@id":"https:\/\/ibimaremoda.com\/prodotto\/abito-ibiza-bianca\/#breadcrumb","itemListElement":[{"@type":"ListItem","position":1,"name":"Home","item":"https:\/\/ibimaremoda.com\/"},{"@type":"ListItem","position":2,"name":"Shop","item":"https:\/\/ibimaremoda.com\/negozio\/"},{"@type":"ListItem","position":3,"name":"Abito Ibiza Bianca"}]},{"@type":"WebSite","@id":"https:\/\/ibimaremoda.com\/#website","url":"https:\/\/ibimaremoda.com\/","name":"Ibi Maremoda","description":"","potentialAction":[{"@type":"SearchAction","target":{"@type":"EntryPoint","urlTemplate":"https:\/\/ibimaremoda.com\/?s={search_term_string}"},"query-input":{"@type":"PropertyValueSpecification","valueRequired":true,"valueName":"search_term_string"}}],"inLanguage":"es"}]}},"_links":{"self":[{"href":"https:\/\/ibimaremoda.com\/es\/wp-json\/wp\/v2\/product\/51539","targetHints":{"allow":["GET"]}}],"collection":[{"href":"https:\/\/ibimaremoda.com\/es\/wp-json\/wp\/v2\/product"}],"about":[{"href":"https:\/\/ibimaremoda.com\/es\/wp-json\/wp\/v2\/types\/product"}],"replies":[{"embeddable":true,"href":"https:\/\/ibimaremoda.com\/es\/wp-json\/wp\/v2\/comments?post=51539"}],"wp:featuredmedia":[{"embeddable":true,"href":"https:\/\/ibimaremoda.com\/es\/wp-json\/wp\/v2\/media\/52130"}],"wp:attachment":[{"href":"https:\/\/ibimaremoda.com\/es\/wp-json\/wp\/v2\/media?parent=51539"}],"wp:term":[{"taxonomy":"product_brand","embeddable":true,"href":"https:\/\/ibimaremoda.com\/es\/wp-json\/wp\/v2\/product_brand?post=51539"},{"taxonomy":"product_cat","embeddable":true,"href":"https:\/\/ibimaremoda.com\/es\/wp-json\/wp\/v2\/product_cat?post=51539"},{"taxonomy":"product_tag","embeddable":true,"href":"https:\/\/ibimaremoda.com\/es\/wp-json\/wp\/v2\/product_tag?post=51539"}],"curies":[{"name":"wp","href":"https:\/\/api.w.org\/{rel}","templated":true}]}}