{"id":51737,"date":"2025-07-01T21:41:47","date_gmt":"2025-07-01T19:41:47","guid":{"rendered":"https:\/\/ibimaremoda.com\/?post_type=product&#038;p=51737"},"modified":"2026-05-02T18:26:10","modified_gmt":"2026-05-02T16:26:10","slug":"duna-dorata","status":"publish","type":"product","link":"https:\/\/ibimaremoda.com\/es\/producto\/duna-dorata\/","title":{"rendered":"Duna Dorada"},"content":{"rendered":"<p>Duna Dorada<\/p>\n<p>Vestido asim\u00e9trico de lino natural 100% con delicados volantes y un corte asim\u00e9trico que aporta movimiento y ligereza. Las mangas largas abullonadas con pu\u00f1os fruncidos le dan un toque rom\u00e1ntico y sofisticado, perfecto para las noches de verano o un aperitivo al atardecer.<\/p>\n<p>Su dise\u00f1o de talla \u00fanica se ajusta de forma natural, realzando la figura con comodidad y feminidad. Confeccionada artesanalmente en Italia, la prenda Duna Dorata resalta la belleza de la sencillez y la frescura del lino, garantizando comodidad y calidad duraderas.<\/p>\n<p>&nbsp;<\/p>\n<p>\u2022 Material: Lino natural fino Libeco 100%<br \/>\n\u2022 Colores disponibles: blanco, beige claro, negro<br \/>\n\u2022 Tallas recomendadas: se ajusta c\u00f3modamente de la 38 a la 44.<br \/>\n\u2022 Env\u00edo gratuito a Espa\u00f1a (incluidas las Islas Baleares)<br \/>\n\u2022 Env\u00edo gratuito en Italia<br \/>\n\u2022 Env\u00edo gratuito a toda Europa<br \/>\n\u2022 Tiempo de preparaci\u00f3n del pedido: 1-3 d\u00edas laborables<br \/>\n\u2022 Hecho a mano en Italia<\/p>","protected":false},"excerpt":{"rendered":"<p style=\"text-align: right;\">Vestido asim\u00e9trico de lino natural 100%, talla \u00fanica. Ligero, elegante y asim\u00e9trico, con mangas abullonadas y delicados volantes. Hecho a mano en Italia.<\/p>","protected":false},"featured_media":51933,"comment_status":"open","ping_status":"closed","template":"","meta":{"_et_pb_use_builder":"","_et_pb_old_content":"","_et_gb_content_width":""},"product_brand":[],"product_cat":[25],"product_tag":[30,31,38,34],"class_list":{"0":"post-51737","1":"product","2":"type-product","3":"status-publish","4":"has-post-thumbnail","6":"product_cat-abiti","7":"product_tag-abito-lino","8":"product_tag-abito-monospalla","9":"product_tag-abito-taglia-unica","10":"product_tag-lino-naturale","12":"first","13":"instock","14":"taxable","15":"shipping-taxable","16":"purchasable","17":"product-type-variable","18":"has-default-attributes"},"yoast_head":"<!-- This site is optimized with the Yoast SEO plugin v27.2 - https:\/\/yoast.com\/product\/yoast-seo-wordpress\/ -->\n<title>Duna Dorata - Ibi Maremoda<\/title>\n<meta name=\"description\" content=\"%Abito monospalla in 100% lino naturale, taglia unica. Leggero, elegante e asimmetrico, con manica balloon e balze morbide. Realizzato artigianalmente in Italia, perfetto per le tue giornate e serate estive.\" \/>\n<meta name=\"robots\" content=\"index, follow, max-snippet:-1, max-image-preview:large, max-video-preview:-1\" \/>\n<link rel=\"canonical\" href=\"https:\/\/ibimaremoda.com\/es\/producto\/duna-dorata\/\" \/>\n<meta property=\"og:locale\" content=\"es_ES\" \/>\n<meta property=\"og:type\" content=\"article\" \/>\n<meta property=\"og:title\" content=\"Duna Dorata - Ibi Maremoda\" \/>\n<meta property=\"og:description\" content=\"%Abito monospalla in 100% lino naturale, taglia unica. Leggero, elegante e asimmetrico, con manica balloon e balze morbide. Realizzato artigianalmente in Italia, perfetto per le tue giornate e serate estive.\" \/>\n<meta property=\"og:url\" content=\"https:\/\/ibimaremoda.com\/es\/producto\/duna-dorata\/\" \/>\n<meta property=\"og:site_name\" content=\"Ibi Maremoda\" \/>\n<meta property=\"article:modified_time\" content=\"2026-05-02T16:26:10+00:00\" \/>\n<meta property=\"og:image\" content=\"https:\/\/ibimaremoda.com\/wp-content\/uploads\/2025\/07\/IMG_0897.jpeg\" \/>\n\t<meta property=\"og:image:width\" content=\"500\" \/>\n\t<meta property=\"og:image:height\" content=\"500\" \/>\n\t<meta property=\"og:image:type\" content=\"image\/jpeg\" \/>\n<meta name=\"twitter:card\" content=\"summary_large_image\" \/>\n<meta name=\"twitter:label1\" content=\"Tiempo de lectura\" \/>\n\t<meta name=\"twitter:data1\" content=\"1 minuto\" \/>\n<script type=\"application\/ld+json\" class=\"yoast-schema-graph\">{\"@context\":\"https:\/\/schema.org\",\"@graph\":[{\"@type\":\"WebPage\",\"@id\":\"https:\/\/ibimaremoda.com\/es\/producto\/duna-dorata\/\",\"url\":\"https:\/\/ibimaremoda.com\/es\/producto\/duna-dorata\/\",\"name\":\"Duna Dorata - Ibi Maremoda\",\"isPartOf\":{\"@id\":\"https:\/\/ibimaremoda.com\/#website\"},\"primaryImageOfPage\":{\"@id\":\"https:\/\/ibimaremoda.com\/es\/producto\/duna-dorata\/#primaryimage\"},\"image\":{\"@id\":\"https:\/\/ibimaremoda.com\/es\/producto\/duna-dorata\/#primaryimage\"},\"thumbnailUrl\":\"https:\/\/ibimaremoda.com\/wp-content\/uploads\/2025\/07\/IMG_0897.jpeg\",\"datePublished\":\"2025-07-01T19:41:47+00:00\",\"dateModified\":\"2026-05-02T16:26:10+00:00\",\"description\":\"%Abito monospalla in 100% lino naturale, taglia unica. Leggero, elegante e asimmetrico, con manica balloon e balze morbide. Realizzato artigianalmente in Italia, perfetto per le tue giornate e serate estive.\",\"breadcrumb\":{\"@id\":\"https:\/\/ibimaremoda.com\/es\/producto\/duna-dorata\/#breadcrumb\"},\"inLanguage\":\"es\",\"potentialAction\":[{\"@type\":\"ReadAction\",\"target\":[\"https:\/\/ibimaremoda.com\/es\/producto\/duna-dorata\/\"]}]},{\"@type\":\"ImageObject\",\"inLanguage\":\"es\",\"@id\":\"https:\/\/ibimaremoda.com\/es\/producto\/duna-dorata\/#primaryimage\",\"url\":\"https:\/\/ibimaremoda.com\/wp-content\/uploads\/2025\/07\/IMG_0897.jpeg\",\"contentUrl\":\"https:\/\/ibimaremoda.com\/wp-content\/uploads\/2025\/07\/IMG_0897.jpeg\",\"width\":500,\"height\":500},{\"@type\":\"BreadcrumbList\",\"@id\":\"https:\/\/ibimaremoda.com\/es\/producto\/duna-dorata\/#breadcrumb\",\"itemListElement\":[{\"@type\":\"ListItem\",\"position\":1,\"name\":\"Home\",\"item\":\"https:\/\/ibimaremoda.com\/\"},{\"@type\":\"ListItem\",\"position\":2,\"name\":\"Shop\",\"item\":\"https:\/\/ibimaremoda.com\/negozio\/\"},{\"@type\":\"ListItem\",\"position\":3,\"name\":\"Duna Dorata\"}]},{\"@type\":\"WebSite\",\"@id\":\"https:\/\/ibimaremoda.com\/#website\",\"url\":\"https:\/\/ibimaremoda.com\/\",\"name\":\"Ibi Maremoda\",\"description\":\"\",\"potentialAction\":[{\"@type\":\"SearchAction\",\"target\":{\"@type\":\"EntryPoint\",\"urlTemplate\":\"https:\/\/ibimaremoda.com\/?s={search_term_string}\"},\"query-input\":{\"@type\":\"PropertyValueSpecification\",\"valueRequired\":true,\"valueName\":\"search_term_string\"}}],\"inLanguage\":\"es\"}]}<\/script>\n<!-- \/ Yoast SEO plugin. -->","yoast_head_json":{"title":"Duna Dorata - Ibi Maremoda","description":"%Abito monospalla in 100% lino naturale, taglia unica. Leggero, elegante e asimmetrico, con manica balloon e balze morbide. Realizzato artigianalmente in Italia, perfetto per le tue giornate e serate estive.","robots":{"index":"index","follow":"follow","max-snippet":"max-snippet:-1","max-image-preview":"max-image-preview:large","max-video-preview":"max-video-preview:-1"},"canonical":"https:\/\/ibimaremoda.com\/es\/producto\/duna-dorata\/","og_locale":"es_ES","og_type":"article","og_title":"Duna Dorata - Ibi Maremoda","og_description":"%Abito monospalla in 100% lino naturale, taglia unica. Leggero, elegante e asimmetrico, con manica balloon e balze morbide. Realizzato artigianalmente in Italia, perfetto per le tue giornate e serate estive.","og_url":"https:\/\/ibimaremoda.com\/es\/producto\/duna-dorata\/","og_site_name":"Ibi Maremoda","article_modified_time":"2026-05-02T16:26:10+00:00","og_image":[{"width":500,"height":500,"url":"https:\/\/ibimaremoda.com\/wp-content\/uploads\/2025\/07\/IMG_0897.jpeg","type":"image\/jpeg"}],"twitter_card":"summary_large_image","twitter_misc":{"Tiempo de lectura":"1 minuto"},"schema":{"@context":"https:\/\/schema.org","@graph":[{"@type":"WebPage","@id":"https:\/\/ibimaremoda.com\/es\/producto\/duna-dorata\/","url":"https:\/\/ibimaremoda.com\/es\/producto\/duna-dorata\/","name":"Duna Dorata - Ibi Maremoda","isPartOf":{"@id":"https:\/\/ibimaremoda.com\/#website"},"primaryImageOfPage":{"@id":"https:\/\/ibimaremoda.com\/es\/producto\/duna-dorata\/#primaryimage"},"image":{"@id":"https:\/\/ibimaremoda.com\/es\/producto\/duna-dorata\/#primaryimage"},"thumbnailUrl":"https:\/\/ibimaremoda.com\/wp-content\/uploads\/2025\/07\/IMG_0897.jpeg","datePublished":"2025-07-01T19:41:47+00:00","dateModified":"2026-05-02T16:26:10+00:00","description":"%Abito monospalla in 100% lino naturale, taglia unica. Leggero, elegante e asimmetrico, con manica balloon e balze morbide. Realizzato artigianalmente in Italia, perfetto per le tue giornate e serate estive.","breadcrumb":{"@id":"https:\/\/ibimaremoda.com\/es\/producto\/duna-dorata\/#breadcrumb"},"inLanguage":"es","potentialAction":[{"@type":"ReadAction","target":["https:\/\/ibimaremoda.com\/es\/producto\/duna-dorata\/"]}]},{"@type":"ImageObject","inLanguage":"es","@id":"https:\/\/ibimaremoda.com\/es\/producto\/duna-dorata\/#primaryimage","url":"https:\/\/ibimaremoda.com\/wp-content\/uploads\/2025\/07\/IMG_0897.jpeg","contentUrl":"https:\/\/ibimaremoda.com\/wp-content\/uploads\/2025\/07\/IMG_0897.jpeg","width":500,"height":500},{"@type":"BreadcrumbList","@id":"https:\/\/ibimaremoda.com\/es\/producto\/duna-dorata\/#breadcrumb","itemListElement":[{"@type":"ListItem","position":1,"name":"Home","item":"https:\/\/ibimaremoda.com\/"},{"@type":"ListItem","position":2,"name":"Shop","item":"https:\/\/ibimaremoda.com\/negozio\/"},{"@type":"ListItem","position":3,"name":"Duna Dorata"}]},{"@type":"WebSite","@id":"https:\/\/ibimaremoda.com\/#website","url":"https:\/\/ibimaremoda.com\/","name":"Ibi Maremoda","description":"","potentialAction":[{"@type":"SearchAction","target":{"@type":"EntryPoint","urlTemplate":"https:\/\/ibimaremoda.com\/?s={search_term_string}"},"query-input":{"@type":"PropertyValueSpecification","valueRequired":true,"valueName":"search_term_string"}}],"inLanguage":"es"}]}},"_links":{"self":[{"href":"https:\/\/ibimaremoda.com\/es\/wp-json\/wp\/v2\/product\/51737","targetHints":{"allow":["GET"]}}],"collection":[{"href":"https:\/\/ibimaremoda.com\/es\/wp-json\/wp\/v2\/product"}],"about":[{"href":"https:\/\/ibimaremoda.com\/es\/wp-json\/wp\/v2\/types\/product"}],"replies":[{"embeddable":true,"href":"https:\/\/ibimaremoda.com\/es\/wp-json\/wp\/v2\/comments?post=51737"}],"wp:featuredmedia":[{"embeddable":true,"href":"https:\/\/ibimaremoda.com\/es\/wp-json\/wp\/v2\/media\/51933"}],"wp:attachment":[{"href":"https:\/\/ibimaremoda.com\/es\/wp-json\/wp\/v2\/media?parent=51737"}],"wp:term":[{"taxonomy":"product_brand","embeddable":true,"href":"https:\/\/ibimaremoda.com\/es\/wp-json\/wp\/v2\/product_brand?post=51737"},{"taxonomy":"product_cat","embeddable":true,"href":"https:\/\/ibimaremoda.com\/es\/wp-json\/wp\/v2\/product_cat?post=51737"},{"taxonomy":"product_tag","embeddable":true,"href":"https:\/\/ibimaremoda.com\/es\/wp-json\/wp\/v2\/product_tag?post=51737"}],"curies":[{"name":"wp","href":"https:\/\/api.w.org\/{rel}","templated":true}]}}