{"id":51783,"date":"2025-07-01T23:11:47","date_gmt":"2025-07-01T21:11:47","guid":{"rendered":"https:\/\/ibimaremoda.com\/?post_type=product&#038;p=51783"},"modified":"2026-05-02T18:23:52","modified_gmt":"2026-05-02T16:23:52","slug":"abito-tramonto","status":"publish","type":"product","link":"https:\/\/ibimaremoda.com\/es\/producto\/abito-tramonto\/","title":{"rendered":"Vestido atardecer"},"content":{"rendered":"<p>Atardecer<\/p>\n<p>Vestido largo de talla \u00fanica, confeccionado en lino ligero 100%, ideal para las noches de verano y eventos especiales.<\/p>\n<p>El vestido Tramonto destaca por su cuello alto fruncido que estiliza la figura, creando un elegante drapeado en la parte delantera, mientras que la espalda se abre con un refinado detalle en forma de l\u00e1grima que la realza delicadamente. Su l\u00ednea fluida realza la silueta a la vez que permite libertad de movimiento, transmitiendo una sensaci\u00f3n de ligereza y gracia.<\/p>\n<p>Ideal para una cena al atardecer, una ceremonia junto al mar o un aperitivo de verano, Tramonto encarna la refinada sencillez de IBIMAREMODA y la belleza de los tejidos naturales.<\/p>\n<p>\u2022 Material: Lino natural fino Libeco 100%<br \/>\n\u2022 Colores disponibles: blanco, beige claro, negro<br \/>\n\u2022 Tallas recomendadas: se ajusta c\u00f3modamente de la 38 a la 44.<br \/>\n\u2022 Env\u00edo gratuito a Espa\u00f1a (incluidas las Islas Baleares)<br \/>\n\u2022 Env\u00edo gratuito en Italia<br \/>\n\u2022 Env\u00edos disponibles a toda Europa.<br \/>\n\u2022 Tiempo de preparaci\u00f3n del pedido: 1-3 d\u00edas laborables<br \/>\n\u2022 Hecho a mano en Italia<\/p>","protected":false},"excerpt":{"rendered":"<p>Vestido largo de lino 100% con cuello alto fruncido y espalda con abertura. Talla \u00fanica, disponible en blanco y beige claro. Elegante, ligero,<\/p>\n<p>Hecho en Italia.<\/p>","protected":false},"featured_media":52124,"comment_status":"open","ping_status":"closed","template":"","meta":{"_et_pb_use_builder":"","_et_pb_old_content":"","_et_gb_content_width":""},"product_brand":[],"product_cat":[25],"product_tag":[30,38,40],"class_list":{"0":"post-51783","1":"product","2":"type-product","3":"status-publish","4":"has-post-thumbnail","6":"product_cat-abiti","7":"product_tag-abito-lino","8":"product_tag-abito-taglia-unica","9":"product_tag-tramonto","11":"first","12":"instock","13":"taxable","14":"shipping-taxable","15":"purchasable","16":"product-type-variable","17":"has-default-attributes"},"yoast_head":"<!-- This site is optimized with the Yoast SEO plugin v27.2 - https:\/\/yoast.com\/product\/yoast-seo-wordpress\/ -->\n<title>Abito Tramonto - Ibi Maremoda<\/title>\n<meta name=\"robots\" content=\"index, follow, max-snippet:-1, max-image-preview:large, max-video-preview:-1\" \/>\n<link rel=\"canonical\" href=\"https:\/\/ibimaremoda.com\/es\/producto\/abito-tramonto\/\" \/>\n<meta property=\"og:locale\" content=\"es_ES\" \/>\n<meta property=\"og:type\" content=\"article\" \/>\n<meta property=\"og:title\" content=\"Abito Tramonto - Ibi Maremoda\" \/>\n<meta property=\"og:description\" content=\"Abito lungo in 100% lino con collo alto arricciato e apertura a goccia sul retro. Taglia unica, disponibile in bianco, beige chiaro. Elegante, leggero,  Made in Italy.\" \/>\n<meta property=\"og:url\" content=\"https:\/\/ibimaremoda.com\/es\/producto\/abito-tramonto\/\" \/>\n<meta property=\"og:site_name\" content=\"Ibi Maremoda\" \/>\n<meta property=\"article:modified_time\" content=\"2026-05-02T16:23:52+00:00\" \/>\n<meta property=\"og:image\" content=\"https:\/\/ibimaremoda.com\/wp-content\/uploads\/2025\/07\/4D573956-350B-4497-81F2-47FDD7588280.png\" \/>\n\t<meta property=\"og:image:width\" content=\"1024\" \/>\n\t<meta property=\"og:image:height\" content=\"1024\" \/>\n\t<meta property=\"og:image:type\" content=\"image\/png\" \/>\n<meta name=\"twitter:card\" content=\"summary_large_image\" \/>\n<meta name=\"twitter:label1\" content=\"Tiempo de lectura\" \/>\n\t<meta name=\"twitter:data1\" content=\"2 minutos\" \/>\n<script type=\"application\/ld+json\" class=\"yoast-schema-graph\">{\"@context\":\"https:\/\/schema.org\",\"@graph\":[{\"@type\":\"WebPage\",\"@id\":\"https:\/\/ibimaremoda.com\/es\/producto\/abito-tramonto\/\",\"url\":\"https:\/\/ibimaremoda.com\/es\/producto\/abito-tramonto\/\",\"name\":\"Abito Tramonto - Ibi Maremoda\",\"isPartOf\":{\"@id\":\"https:\/\/ibimaremoda.com\/#website\"},\"primaryImageOfPage\":{\"@id\":\"https:\/\/ibimaremoda.com\/es\/producto\/abito-tramonto\/#primaryimage\"},\"image\":{\"@id\":\"https:\/\/ibimaremoda.com\/es\/producto\/abito-tramonto\/#primaryimage\"},\"thumbnailUrl\":\"https:\/\/ibimaremoda.com\/wp-content\/uploads\/2025\/07\/4D573956-350B-4497-81F2-47FDD7588280.png\",\"datePublished\":\"2025-07-01T21:11:47+00:00\",\"dateModified\":\"2026-05-02T16:23:52+00:00\",\"breadcrumb\":{\"@id\":\"https:\/\/ibimaremoda.com\/es\/producto\/abito-tramonto\/#breadcrumb\"},\"inLanguage\":\"es\",\"potentialAction\":[{\"@type\":\"ReadAction\",\"target\":[\"https:\/\/ibimaremoda.com\/es\/producto\/abito-tramonto\/\"]}]},{\"@type\":\"ImageObject\",\"inLanguage\":\"es\",\"@id\":\"https:\/\/ibimaremoda.com\/es\/producto\/abito-tramonto\/#primaryimage\",\"url\":\"https:\/\/ibimaremoda.com\/wp-content\/uploads\/2025\/07\/4D573956-350B-4497-81F2-47FDD7588280.png\",\"contentUrl\":\"https:\/\/ibimaremoda.com\/wp-content\/uploads\/2025\/07\/4D573956-350B-4497-81F2-47FDD7588280.png\",\"width\":1024,\"height\":1024},{\"@type\":\"BreadcrumbList\",\"@id\":\"https:\/\/ibimaremoda.com\/es\/producto\/abito-tramonto\/#breadcrumb\",\"itemListElement\":[{\"@type\":\"ListItem\",\"position\":1,\"name\":\"Home\",\"item\":\"https:\/\/ibimaremoda.com\/\"},{\"@type\":\"ListItem\",\"position\":2,\"name\":\"Shop\",\"item\":\"https:\/\/ibimaremoda.com\/negozio\/\"},{\"@type\":\"ListItem\",\"position\":3,\"name\":\"Abito Tramonto\"}]},{\"@type\":\"WebSite\",\"@id\":\"https:\/\/ibimaremoda.com\/#website\",\"url\":\"https:\/\/ibimaremoda.com\/\",\"name\":\"Ibi Maremoda\",\"description\":\"\",\"potentialAction\":[{\"@type\":\"SearchAction\",\"target\":{\"@type\":\"EntryPoint\",\"urlTemplate\":\"https:\/\/ibimaremoda.com\/?s={search_term_string}\"},\"query-input\":{\"@type\":\"PropertyValueSpecification\",\"valueRequired\":true,\"valueName\":\"search_term_string\"}}],\"inLanguage\":\"es\"}]}<\/script>\n<!-- \/ Yoast SEO plugin. -->","yoast_head_json":{"title":"Abito Tramonto - Ibi Maremoda","robots":{"index":"index","follow":"follow","max-snippet":"max-snippet:-1","max-image-preview":"max-image-preview:large","max-video-preview":"max-video-preview:-1"},"canonical":"https:\/\/ibimaremoda.com\/es\/producto\/abito-tramonto\/","og_locale":"es_ES","og_type":"article","og_title":"Abito Tramonto - Ibi Maremoda","og_description":"Abito lungo in 100% lino con collo alto arricciato e apertura a goccia sul retro. Taglia unica, disponibile in bianco, beige chiaro. Elegante, leggero,  Made in Italy.","og_url":"https:\/\/ibimaremoda.com\/es\/producto\/abito-tramonto\/","og_site_name":"Ibi Maremoda","article_modified_time":"2026-05-02T16:23:52+00:00","og_image":[{"width":1024,"height":1024,"url":"https:\/\/ibimaremoda.com\/wp-content\/uploads\/2025\/07\/4D573956-350B-4497-81F2-47FDD7588280.png","type":"image\/png"}],"twitter_card":"summary_large_image","twitter_misc":{"Tiempo de lectura":"2 minutos"},"schema":{"@context":"https:\/\/schema.org","@graph":[{"@type":"WebPage","@id":"https:\/\/ibimaremoda.com\/es\/producto\/abito-tramonto\/","url":"https:\/\/ibimaremoda.com\/es\/producto\/abito-tramonto\/","name":"Abito Tramonto - Ibi Maremoda","isPartOf":{"@id":"https:\/\/ibimaremoda.com\/#website"},"primaryImageOfPage":{"@id":"https:\/\/ibimaremoda.com\/es\/producto\/abito-tramonto\/#primaryimage"},"image":{"@id":"https:\/\/ibimaremoda.com\/es\/producto\/abito-tramonto\/#primaryimage"},"thumbnailUrl":"https:\/\/ibimaremoda.com\/wp-content\/uploads\/2025\/07\/4D573956-350B-4497-81F2-47FDD7588280.png","datePublished":"2025-07-01T21:11:47+00:00","dateModified":"2026-05-02T16:23:52+00:00","breadcrumb":{"@id":"https:\/\/ibimaremoda.com\/es\/producto\/abito-tramonto\/#breadcrumb"},"inLanguage":"es","potentialAction":[{"@type":"ReadAction","target":["https:\/\/ibimaremoda.com\/es\/producto\/abito-tramonto\/"]}]},{"@type":"ImageObject","inLanguage":"es","@id":"https:\/\/ibimaremoda.com\/es\/producto\/abito-tramonto\/#primaryimage","url":"https:\/\/ibimaremoda.com\/wp-content\/uploads\/2025\/07\/4D573956-350B-4497-81F2-47FDD7588280.png","contentUrl":"https:\/\/ibimaremoda.com\/wp-content\/uploads\/2025\/07\/4D573956-350B-4497-81F2-47FDD7588280.png","width":1024,"height":1024},{"@type":"BreadcrumbList","@id":"https:\/\/ibimaremoda.com\/es\/producto\/abito-tramonto\/#breadcrumb","itemListElement":[{"@type":"ListItem","position":1,"name":"Home","item":"https:\/\/ibimaremoda.com\/"},{"@type":"ListItem","position":2,"name":"Shop","item":"https:\/\/ibimaremoda.com\/negozio\/"},{"@type":"ListItem","position":3,"name":"Abito Tramonto"}]},{"@type":"WebSite","@id":"https:\/\/ibimaremoda.com\/#website","url":"https:\/\/ibimaremoda.com\/","name":"Ibi Maremoda","description":"","potentialAction":[{"@type":"SearchAction","target":{"@type":"EntryPoint","urlTemplate":"https:\/\/ibimaremoda.com\/?s={search_term_string}"},"query-input":{"@type":"PropertyValueSpecification","valueRequired":true,"valueName":"search_term_string"}}],"inLanguage":"es"}]}},"_links":{"self":[{"href":"https:\/\/ibimaremoda.com\/es\/wp-json\/wp\/v2\/product\/51783","targetHints":{"allow":["GET"]}}],"collection":[{"href":"https:\/\/ibimaremoda.com\/es\/wp-json\/wp\/v2\/product"}],"about":[{"href":"https:\/\/ibimaremoda.com\/es\/wp-json\/wp\/v2\/types\/product"}],"replies":[{"embeddable":true,"href":"https:\/\/ibimaremoda.com\/es\/wp-json\/wp\/v2\/comments?post=51783"}],"wp:featuredmedia":[{"embeddable":true,"href":"https:\/\/ibimaremoda.com\/es\/wp-json\/wp\/v2\/media\/52124"}],"wp:attachment":[{"href":"https:\/\/ibimaremoda.com\/es\/wp-json\/wp\/v2\/media?parent=51783"}],"wp:term":[{"taxonomy":"product_brand","embeddable":true,"href":"https:\/\/ibimaremoda.com\/es\/wp-json\/wp\/v2\/product_brand?post=51783"},{"taxonomy":"product_cat","embeddable":true,"href":"https:\/\/ibimaremoda.com\/es\/wp-json\/wp\/v2\/product_cat?post=51783"},{"taxonomy":"product_tag","embeddable":true,"href":"https:\/\/ibimaremoda.com\/es\/wp-json\/wp\/v2\/product_tag?post=51783"}],"curies":[{"name":"wp","href":"https:\/\/api.w.org\/{rel}","templated":true}]}}