{"id":51789,"date":"2025-07-02T00:23:08","date_gmt":"2025-07-01T22:23:08","guid":{"rendered":"https:\/\/ibimaremoda.com\/?post_type=product&#038;p=51789"},"modified":"2026-05-02T18:20:33","modified_gmt":"2026-05-02T16:20:33","slug":"top-gilet","status":"publish","type":"product","link":"https:\/\/ibimaremoda.com\/es\/producto\/top-gilet\/","title":{"rendered":"Chaleco superior"},"content":{"rendered":"<p>Chaleco<\/p>\n<p>Chaleco sastre de lino natural 100%, talla \u00fanica, con una l\u00ednea elegante y vers\u00e1til.<\/p>\n<p>Con un escote en V impecable y un bot\u00f3n decorativo de madera que aportan calidez y naturalidad a la prenda, el chaleco tiene un corte ligeramente alargado en la parte delantera que estiliza discretamente la figura.<\/p>\n<p>Puedes llevarla abierta sobre blusas y vestidos, o cerrada para un look m\u00e1s pulido, combin\u00e1ndola f\u00e1cilmente con pantalones, faldas o shorts de verano para crear conjuntos ligeros y sofisticados.<\/p>\n<p>&nbsp;<\/p>\n<p>\u2022 Material: Lino natural fino Libeco 100%<br \/>\n\u2022 Colores disponibles: blanco, beige claro, negro<br \/>\n\u2022 Tallas recomendadas: se ajusta c\u00f3modamente de la 38 a la 44.<br \/>\n\u2022 Env\u00edo gratuito a Espa\u00f1a (incluidas las Islas Baleares)<br \/>\n\u2022 Env\u00edo gratuito en Italia<br \/>\n\u2022 Env\u00edos disponibles a toda Europa.<br \/>\n\u2022 Tiempo de preparaci\u00f3n del pedido: 1-3 d\u00edas laborables<br \/>\n\u2022 Hecho a mano en Italia<\/p>","protected":false},"excerpt":{"rendered":"<p>Gilet in 100% lino con scollo a V e bottoni in legno decorativi. Taglio leggermente allungato, taglia unica, disponibile in bianco, beige chiaro.<\/p>\n<p>Hecho en Italia.<\/p>","protected":false},"featured_media":52058,"comment_status":"open","ping_status":"closed","template":"","meta":{"_et_pb_use_builder":"","_et_pb_old_content":"","_et_gb_content_width":""},"product_brand":[],"product_cat":[26],"product_tag":[43,35,34],"class_list":{"0":"post-51789","1":"product","2":"type-product","3":"status-publish","4":"has-post-thumbnail","6":"product_cat-top","7":"product_tag-gilet-in-lino","8":"product_tag-ibimaremoda","9":"product_tag-lino-naturale","11":"first","12":"instock","13":"taxable","14":"shipping-taxable","15":"purchasable","16":"product-type-variable","17":"has-default-attributes"},"yoast_head":"<!-- This site is optimized with the Yoast SEO plugin v27.2 - https:\/\/yoast.com\/product\/yoast-seo-wordpress\/ -->\n<title>Top Gilet - Ibi Maremoda<\/title>\n<meta name=\"description\" content=\"Gilet in lino 100%, taglia unica, con bottoni in legno. Disponibile in bianco, beige chiaro. Elegante, leggero, made in Italy, spedizione gratuita.\" \/>\n<meta name=\"robots\" content=\"index, follow, max-snippet:-1, max-image-preview:large, max-video-preview:-1\" \/>\n<link rel=\"canonical\" href=\"https:\/\/ibimaremoda.com\/es\/producto\/top-gilet\/\" \/>\n<meta property=\"og:locale\" content=\"es_ES\" \/>\n<meta property=\"og:type\" content=\"article\" \/>\n<meta property=\"og:title\" content=\"Top Gilet - Ibi Maremoda\" \/>\n<meta property=\"og:description\" content=\"Gilet in lino 100%, taglia unica, con bottoni in legno. Disponibile in bianco, beige chiaro. Elegante, leggero, made in Italy, spedizione gratuita.\" \/>\n<meta property=\"og:url\" content=\"https:\/\/ibimaremoda.com\/es\/producto\/top-gilet\/\" \/>\n<meta property=\"og:site_name\" content=\"Ibi Maremoda\" \/>\n<meta property=\"article:modified_time\" content=\"2026-05-02T16:20:33+00:00\" \/>\n<meta property=\"og:image\" content=\"https:\/\/ibimaremoda.com\/wp-content\/uploads\/2025\/07\/IMG_3323-scaled.jpg\" \/>\n\t<meta property=\"og:image:width\" content=\"2560\" \/>\n\t<meta property=\"og:image:height\" content=\"2560\" \/>\n\t<meta property=\"og:image:type\" content=\"image\/jpeg\" \/>\n<meta name=\"twitter:card\" content=\"summary_large_image\" \/>\n<meta name=\"twitter:label1\" content=\"Tiempo de lectura\" \/>\n\t<meta name=\"twitter:data1\" content=\"1 minuto\" \/>\n<script type=\"application\/ld+json\" class=\"yoast-schema-graph\">{\"@context\":\"https:\/\/schema.org\",\"@graph\":[{\"@type\":\"WebPage\",\"@id\":\"https:\/\/ibimaremoda.com\/es\/producto\/top-gilet\/\",\"url\":\"https:\/\/ibimaremoda.com\/es\/producto\/top-gilet\/\",\"name\":\"Top Gilet - Ibi Maremoda\",\"isPartOf\":{\"@id\":\"https:\/\/ibimaremoda.com\/#website\"},\"primaryImageOfPage\":{\"@id\":\"https:\/\/ibimaremoda.com\/es\/producto\/top-gilet\/#primaryimage\"},\"image\":{\"@id\":\"https:\/\/ibimaremoda.com\/es\/producto\/top-gilet\/#primaryimage\"},\"thumbnailUrl\":\"https:\/\/ibimaremoda.com\/wp-content\/uploads\/2025\/07\/IMG_3323-scaled.jpg\",\"datePublished\":\"2025-07-01T22:23:08+00:00\",\"dateModified\":\"2026-05-02T16:20:33+00:00\",\"description\":\"Gilet in lino 100%, taglia unica, con bottoni in legno. Disponibile in bianco, beige chiaro. Elegante, leggero, made in Italy, spedizione gratuita.\",\"breadcrumb\":{\"@id\":\"https:\/\/ibimaremoda.com\/es\/producto\/top-gilet\/#breadcrumb\"},\"inLanguage\":\"es\",\"potentialAction\":[{\"@type\":\"ReadAction\",\"target\":[\"https:\/\/ibimaremoda.com\/es\/producto\/top-gilet\/\"]}]},{\"@type\":\"ImageObject\",\"inLanguage\":\"es\",\"@id\":\"https:\/\/ibimaremoda.com\/es\/producto\/top-gilet\/#primaryimage\",\"url\":\"https:\/\/ibimaremoda.com\/wp-content\/uploads\/2025\/07\/IMG_3323-scaled.jpg\",\"contentUrl\":\"https:\/\/ibimaremoda.com\/wp-content\/uploads\/2025\/07\/IMG_3323-scaled.jpg\",\"width\":2560,\"height\":2560},{\"@type\":\"BreadcrumbList\",\"@id\":\"https:\/\/ibimaremoda.com\/es\/producto\/top-gilet\/#breadcrumb\",\"itemListElement\":[{\"@type\":\"ListItem\",\"position\":1,\"name\":\"Home\",\"item\":\"https:\/\/ibimaremoda.com\/\"},{\"@type\":\"ListItem\",\"position\":2,\"name\":\"Shop\",\"item\":\"https:\/\/ibimaremoda.com\/negozio\/\"},{\"@type\":\"ListItem\",\"position\":3,\"name\":\"Top Gilet\"}]},{\"@type\":\"WebSite\",\"@id\":\"https:\/\/ibimaremoda.com\/#website\",\"url\":\"https:\/\/ibimaremoda.com\/\",\"name\":\"Ibi Maremoda\",\"description\":\"\",\"potentialAction\":[{\"@type\":\"SearchAction\",\"target\":{\"@type\":\"EntryPoint\",\"urlTemplate\":\"https:\/\/ibimaremoda.com\/?s={search_term_string}\"},\"query-input\":{\"@type\":\"PropertyValueSpecification\",\"valueRequired\":true,\"valueName\":\"search_term_string\"}}],\"inLanguage\":\"es\"}]}<\/script>\n<!-- \/ Yoast SEO plugin. -->","yoast_head_json":{"title":"Top Gilet - Ibi Maremoda","description":"Gilet in lino 100%, taglia unica, con bottoni in legno. Disponibile in bianco, beige chiaro. Elegante, leggero, made in Italy, spedizione gratuita.","robots":{"index":"index","follow":"follow","max-snippet":"max-snippet:-1","max-image-preview":"max-image-preview:large","max-video-preview":"max-video-preview:-1"},"canonical":"https:\/\/ibimaremoda.com\/es\/producto\/top-gilet\/","og_locale":"es_ES","og_type":"article","og_title":"Top Gilet - Ibi Maremoda","og_description":"Gilet in lino 100%, taglia unica, con bottoni in legno. Disponibile in bianco, beige chiaro. Elegante, leggero, made in Italy, spedizione gratuita.","og_url":"https:\/\/ibimaremoda.com\/es\/producto\/top-gilet\/","og_site_name":"Ibi Maremoda","article_modified_time":"2026-05-02T16:20:33+00:00","og_image":[{"width":2560,"height":2560,"url":"https:\/\/ibimaremoda.com\/wp-content\/uploads\/2025\/07\/IMG_3323-scaled.jpg","type":"image\/jpeg"}],"twitter_card":"summary_large_image","twitter_misc":{"Tiempo de lectura":"1 minuto"},"schema":{"@context":"https:\/\/schema.org","@graph":[{"@type":"WebPage","@id":"https:\/\/ibimaremoda.com\/es\/producto\/top-gilet\/","url":"https:\/\/ibimaremoda.com\/es\/producto\/top-gilet\/","name":"Top Gilet - Ibi Maremoda","isPartOf":{"@id":"https:\/\/ibimaremoda.com\/#website"},"primaryImageOfPage":{"@id":"https:\/\/ibimaremoda.com\/es\/producto\/top-gilet\/#primaryimage"},"image":{"@id":"https:\/\/ibimaremoda.com\/es\/producto\/top-gilet\/#primaryimage"},"thumbnailUrl":"https:\/\/ibimaremoda.com\/wp-content\/uploads\/2025\/07\/IMG_3323-scaled.jpg","datePublished":"2025-07-01T22:23:08+00:00","dateModified":"2026-05-02T16:20:33+00:00","description":"Gilet in lino 100%, taglia unica, con bottoni in legno. Disponibile in bianco, beige chiaro. Elegante, leggero, made in Italy, spedizione gratuita.","breadcrumb":{"@id":"https:\/\/ibimaremoda.com\/es\/producto\/top-gilet\/#breadcrumb"},"inLanguage":"es","potentialAction":[{"@type":"ReadAction","target":["https:\/\/ibimaremoda.com\/es\/producto\/top-gilet\/"]}]},{"@type":"ImageObject","inLanguage":"es","@id":"https:\/\/ibimaremoda.com\/es\/producto\/top-gilet\/#primaryimage","url":"https:\/\/ibimaremoda.com\/wp-content\/uploads\/2025\/07\/IMG_3323-scaled.jpg","contentUrl":"https:\/\/ibimaremoda.com\/wp-content\/uploads\/2025\/07\/IMG_3323-scaled.jpg","width":2560,"height":2560},{"@type":"BreadcrumbList","@id":"https:\/\/ibimaremoda.com\/es\/producto\/top-gilet\/#breadcrumb","itemListElement":[{"@type":"ListItem","position":1,"name":"Home","item":"https:\/\/ibimaremoda.com\/"},{"@type":"ListItem","position":2,"name":"Shop","item":"https:\/\/ibimaremoda.com\/negozio\/"},{"@type":"ListItem","position":3,"name":"Top Gilet"}]},{"@type":"WebSite","@id":"https:\/\/ibimaremoda.com\/#website","url":"https:\/\/ibimaremoda.com\/","name":"Ibi Maremoda","description":"","potentialAction":[{"@type":"SearchAction","target":{"@type":"EntryPoint","urlTemplate":"https:\/\/ibimaremoda.com\/?s={search_term_string}"},"query-input":{"@type":"PropertyValueSpecification","valueRequired":true,"valueName":"search_term_string"}}],"inLanguage":"es"}]}},"_links":{"self":[{"href":"https:\/\/ibimaremoda.com\/es\/wp-json\/wp\/v2\/product\/51789","targetHints":{"allow":["GET"]}}],"collection":[{"href":"https:\/\/ibimaremoda.com\/es\/wp-json\/wp\/v2\/product"}],"about":[{"href":"https:\/\/ibimaremoda.com\/es\/wp-json\/wp\/v2\/types\/product"}],"replies":[{"embeddable":true,"href":"https:\/\/ibimaremoda.com\/es\/wp-json\/wp\/v2\/comments?post=51789"}],"wp:featuredmedia":[{"embeddable":true,"href":"https:\/\/ibimaremoda.com\/es\/wp-json\/wp\/v2\/media\/52058"}],"wp:attachment":[{"href":"https:\/\/ibimaremoda.com\/es\/wp-json\/wp\/v2\/media?parent=51789"}],"wp:term":[{"taxonomy":"product_brand","embeddable":true,"href":"https:\/\/ibimaremoda.com\/es\/wp-json\/wp\/v2\/product_brand?post=51789"},{"taxonomy":"product_cat","embeddable":true,"href":"https:\/\/ibimaremoda.com\/es\/wp-json\/wp\/v2\/product_cat?post=51789"},{"taxonomy":"product_tag","embeddable":true,"href":"https:\/\/ibimaremoda.com\/es\/wp-json\/wp\/v2\/product_tag?post=51789"}],"curies":[{"name":"wp","href":"https:\/\/api.w.org\/{rel}","templated":true}]}}