{"id":51792,"date":"2025-07-02T00:37:21","date_gmt":"2025-07-01T22:37:21","guid":{"rendered":"https:\/\/ibimaremoda.com\/?post_type=product&#038;p=51792"},"modified":"2026-05-02T19:18:53","modified_gmt":"2026-05-02T17:18:53","slug":"gonna-melodica","status":"publish","type":"product","link":"https:\/\/ibimaremoda.com\/es\/producto\/gonna-melodica\/","title":{"rendered":"Falda mel\u00f3dica"},"content":{"rendered":"<p>Falda mel\u00f3dica<\/p>\n<p>Falda larga de lino natural 100%, talla \u00fanica, con volantes suaves y ribete fruncido.<\/p>\n<p>Melodica est\u00e1 dise\u00f1ada para acompa\u00f1arte en tus d\u00edas de verano con ligereza y elegancia natural. La cintura el\u00e1stica garantiza comodidad y un ajuste adaptable, mientras que los volantes crean un movimiento fluido y un efecto rom\u00e1ntico que se mueve con cada paso.<\/p>\n<p>El lino natural garantiza frescura y transpirabilidad incluso en los d\u00edas m\u00e1s calurosos, por lo que resulta perfecto para combinar con tops cortos o camisas ligeras, para lograr un look elegante pero relajado.<\/p>\n<p>\u2022 Material: Lino natural fino Libeco 100%<br \/>\n\u2022 Colores disponibles: blanco, beige claro, negro<br \/>\n\u2022 Tallas recomendadas: se ajusta c\u00f3modamente de la 38 a la 44.<br \/>\n\u2022 Env\u00edo gratuito a Espa\u00f1a (incluidas las Islas Baleares)<br \/>\n\u2022 Env\u00edo gratuito en Italia<br \/>\n\u2022 Env\u00edos disponibles a toda Europa.<br \/>\n\u2022 Tiempo de preparaci\u00f3n del pedido: 1-3 d\u00edas laborables<br \/>\n\u2022 Hecho a mano en Italia<\/p>","protected":false},"excerpt":{"rendered":"<p>Falda larga de lino 100% con volantes suaves y cintura el\u00e1stica. Talla \u00fanica, disponible en blanco, beige claro, tostado y negro.<\/p>\n<p>Hecho en Italia.<\/p>","protected":false},"featured_media":52132,"comment_status":"open","ping_status":"closed","template":"","meta":{"_et_pb_use_builder":"","_et_pb_old_content":"","_et_gb_content_width":""},"product_brand":[],"product_cat":[28],"product_tag":[45,44,35],"class_list":{"0":"post-51792","1":"product","2":"type-product","3":"status-publish","4":"has-post-thumbnail","6":"product_cat-gonne","7":"product_tag-gonna-in-lino","8":"product_tag-gonna-melodica","9":"product_tag-ibimaremoda","11":"first","12":"instock","13":"taxable","14":"shipping-taxable","15":"purchasable","16":"product-type-variable","17":"has-default-attributes"},"yoast_head":"<!-- This site is optimized with the Yoast SEO plugin v27.2 - https:\/\/yoast.com\/product\/yoast-seo-wordpress\/ -->\n<title>Gonna Melodica - Ibi Maremoda<\/title>\n<meta name=\"description\" content=\"Gonna Melodica in lino 100%, taglia unica, con balze e elastico in vita. Disponibile in bianco, flax, tan e nero. Elegante, leggera, made in Italy, spedizione gratuita.\" \/>\n<meta name=\"robots\" content=\"index, follow, max-snippet:-1, max-image-preview:large, max-video-preview:-1\" \/>\n<link rel=\"canonical\" href=\"https:\/\/ibimaremoda.com\/es\/producto\/gonna-melodica\/\" \/>\n<meta property=\"og:locale\" content=\"es_ES\" \/>\n<meta property=\"og:type\" content=\"article\" \/>\n<meta property=\"og:title\" content=\"Gonna Melodica - Ibi Maremoda\" \/>\n<meta property=\"og:description\" content=\"Gonna Melodica in lino 100%, taglia unica, con balze e elastico in vita. Disponibile in bianco, flax, tan e nero. Elegante, leggera, made in Italy, spedizione gratuita.\" \/>\n<meta property=\"og:url\" content=\"https:\/\/ibimaremoda.com\/es\/producto\/gonna-melodica\/\" \/>\n<meta property=\"og:site_name\" content=\"Ibi Maremoda\" \/>\n<meta property=\"article:modified_time\" content=\"2026-05-02T17:18:53+00:00\" \/>\n<meta property=\"og:image\" content=\"https:\/\/ibimaremoda.com\/wp-content\/uploads\/2025\/07\/6235DB09-E9FB-456D-97EC-9E4D30AFCD26.png\" \/>\n\t<meta property=\"og:image:width\" content=\"1024\" \/>\n\t<meta property=\"og:image:height\" content=\"1024\" \/>\n\t<meta property=\"og:image:type\" content=\"image\/png\" \/>\n<meta name=\"twitter:card\" content=\"summary_large_image\" \/>\n<meta name=\"twitter:label1\" content=\"Tiempo de lectura\" \/>\n\t<meta name=\"twitter:data1\" content=\"1 minuto\" \/>\n<script type=\"application\/ld+json\" class=\"yoast-schema-graph\">{\"@context\":\"https:\/\/schema.org\",\"@graph\":[{\"@type\":\"WebPage\",\"@id\":\"https:\/\/ibimaremoda.com\/es\/producto\/gonna-melodica\/\",\"url\":\"https:\/\/ibimaremoda.com\/es\/producto\/gonna-melodica\/\",\"name\":\"Gonna Melodica - Ibi Maremoda\",\"isPartOf\":{\"@id\":\"https:\/\/ibimaremoda.com\/#website\"},\"primaryImageOfPage\":{\"@id\":\"https:\/\/ibimaremoda.com\/es\/producto\/gonna-melodica\/#primaryimage\"},\"image\":{\"@id\":\"https:\/\/ibimaremoda.com\/es\/producto\/gonna-melodica\/#primaryimage\"},\"thumbnailUrl\":\"https:\/\/ibimaremoda.com\/wp-content\/uploads\/2025\/07\/6235DB09-E9FB-456D-97EC-9E4D30AFCD26.png\",\"datePublished\":\"2025-07-01T22:37:21+00:00\",\"dateModified\":\"2026-05-02T17:18:53+00:00\",\"description\":\"Gonna Melodica in lino 100%, taglia unica, con balze e elastico in vita. Disponibile in bianco, flax, tan e nero. Elegante, leggera, made in Italy, spedizione gratuita.\",\"breadcrumb\":{\"@id\":\"https:\/\/ibimaremoda.com\/es\/producto\/gonna-melodica\/#breadcrumb\"},\"inLanguage\":\"es\",\"potentialAction\":[{\"@type\":\"ReadAction\",\"target\":[\"https:\/\/ibimaremoda.com\/es\/producto\/gonna-melodica\/\"]}]},{\"@type\":\"ImageObject\",\"inLanguage\":\"es\",\"@id\":\"https:\/\/ibimaremoda.com\/es\/producto\/gonna-melodica\/#primaryimage\",\"url\":\"https:\/\/ibimaremoda.com\/wp-content\/uploads\/2025\/07\/6235DB09-E9FB-456D-97EC-9E4D30AFCD26.png\",\"contentUrl\":\"https:\/\/ibimaremoda.com\/wp-content\/uploads\/2025\/07\/6235DB09-E9FB-456D-97EC-9E4D30AFCD26.png\",\"width\":1024,\"height\":1024},{\"@type\":\"BreadcrumbList\",\"@id\":\"https:\/\/ibimaremoda.com\/es\/producto\/gonna-melodica\/#breadcrumb\",\"itemListElement\":[{\"@type\":\"ListItem\",\"position\":1,\"name\":\"Home\",\"item\":\"https:\/\/ibimaremoda.com\/\"},{\"@type\":\"ListItem\",\"position\":2,\"name\":\"Shop\",\"item\":\"https:\/\/ibimaremoda.com\/negozio\/\"},{\"@type\":\"ListItem\",\"position\":3,\"name\":\"Gonna Melodica\"}]},{\"@type\":\"WebSite\",\"@id\":\"https:\/\/ibimaremoda.com\/#website\",\"url\":\"https:\/\/ibimaremoda.com\/\",\"name\":\"Ibi Maremoda\",\"description\":\"\",\"potentialAction\":[{\"@type\":\"SearchAction\",\"target\":{\"@type\":\"EntryPoint\",\"urlTemplate\":\"https:\/\/ibimaremoda.com\/?s={search_term_string}\"},\"query-input\":{\"@type\":\"PropertyValueSpecification\",\"valueRequired\":true,\"valueName\":\"search_term_string\"}}],\"inLanguage\":\"es\"}]}<\/script>\n<!-- \/ Yoast SEO plugin. -->","yoast_head_json":{"title":"Gonna Melodica - Ibi Maremoda","description":"Gonna Melodica in lino 100%, taglia unica, con balze e elastico in vita. Disponibile in bianco, flax, tan e nero. Elegante, leggera, made in Italy, spedizione gratuita.","robots":{"index":"index","follow":"follow","max-snippet":"max-snippet:-1","max-image-preview":"max-image-preview:large","max-video-preview":"max-video-preview:-1"},"canonical":"https:\/\/ibimaremoda.com\/es\/producto\/gonna-melodica\/","og_locale":"es_ES","og_type":"article","og_title":"Gonna Melodica - Ibi Maremoda","og_description":"Gonna Melodica in lino 100%, taglia unica, con balze e elastico in vita. Disponibile in bianco, flax, tan e nero. Elegante, leggera, made in Italy, spedizione gratuita.","og_url":"https:\/\/ibimaremoda.com\/es\/producto\/gonna-melodica\/","og_site_name":"Ibi Maremoda","article_modified_time":"2026-05-02T17:18:53+00:00","og_image":[{"width":1024,"height":1024,"url":"https:\/\/ibimaremoda.com\/wp-content\/uploads\/2025\/07\/6235DB09-E9FB-456D-97EC-9E4D30AFCD26.png","type":"image\/png"}],"twitter_card":"summary_large_image","twitter_misc":{"Tiempo de lectura":"1 minuto"},"schema":{"@context":"https:\/\/schema.org","@graph":[{"@type":"WebPage","@id":"https:\/\/ibimaremoda.com\/es\/producto\/gonna-melodica\/","url":"https:\/\/ibimaremoda.com\/es\/producto\/gonna-melodica\/","name":"Gonna Melodica - Ibi Maremoda","isPartOf":{"@id":"https:\/\/ibimaremoda.com\/#website"},"primaryImageOfPage":{"@id":"https:\/\/ibimaremoda.com\/es\/producto\/gonna-melodica\/#primaryimage"},"image":{"@id":"https:\/\/ibimaremoda.com\/es\/producto\/gonna-melodica\/#primaryimage"},"thumbnailUrl":"https:\/\/ibimaremoda.com\/wp-content\/uploads\/2025\/07\/6235DB09-E9FB-456D-97EC-9E4D30AFCD26.png","datePublished":"2025-07-01T22:37:21+00:00","dateModified":"2026-05-02T17:18:53+00:00","description":"Gonna Melodica in lino 100%, taglia unica, con balze e elastico in vita. Disponibile in bianco, flax, tan e nero. Elegante, leggera, made in Italy, spedizione gratuita.","breadcrumb":{"@id":"https:\/\/ibimaremoda.com\/es\/producto\/gonna-melodica\/#breadcrumb"},"inLanguage":"es","potentialAction":[{"@type":"ReadAction","target":["https:\/\/ibimaremoda.com\/es\/producto\/gonna-melodica\/"]}]},{"@type":"ImageObject","inLanguage":"es","@id":"https:\/\/ibimaremoda.com\/es\/producto\/gonna-melodica\/#primaryimage","url":"https:\/\/ibimaremoda.com\/wp-content\/uploads\/2025\/07\/6235DB09-E9FB-456D-97EC-9E4D30AFCD26.png","contentUrl":"https:\/\/ibimaremoda.com\/wp-content\/uploads\/2025\/07\/6235DB09-E9FB-456D-97EC-9E4D30AFCD26.png","width":1024,"height":1024},{"@type":"BreadcrumbList","@id":"https:\/\/ibimaremoda.com\/es\/producto\/gonna-melodica\/#breadcrumb","itemListElement":[{"@type":"ListItem","position":1,"name":"Home","item":"https:\/\/ibimaremoda.com\/"},{"@type":"ListItem","position":2,"name":"Shop","item":"https:\/\/ibimaremoda.com\/negozio\/"},{"@type":"ListItem","position":3,"name":"Gonna Melodica"}]},{"@type":"WebSite","@id":"https:\/\/ibimaremoda.com\/#website","url":"https:\/\/ibimaremoda.com\/","name":"Ibi Maremoda","description":"","potentialAction":[{"@type":"SearchAction","target":{"@type":"EntryPoint","urlTemplate":"https:\/\/ibimaremoda.com\/?s={search_term_string}"},"query-input":{"@type":"PropertyValueSpecification","valueRequired":true,"valueName":"search_term_string"}}],"inLanguage":"es"}]}},"_links":{"self":[{"href":"https:\/\/ibimaremoda.com\/es\/wp-json\/wp\/v2\/product\/51792","targetHints":{"allow":["GET"]}}],"collection":[{"href":"https:\/\/ibimaremoda.com\/es\/wp-json\/wp\/v2\/product"}],"about":[{"href":"https:\/\/ibimaremoda.com\/es\/wp-json\/wp\/v2\/types\/product"}],"replies":[{"embeddable":true,"href":"https:\/\/ibimaremoda.com\/es\/wp-json\/wp\/v2\/comments?post=51792"}],"wp:featuredmedia":[{"embeddable":true,"href":"https:\/\/ibimaremoda.com\/es\/wp-json\/wp\/v2\/media\/52132"}],"wp:attachment":[{"href":"https:\/\/ibimaremoda.com\/es\/wp-json\/wp\/v2\/media?parent=51792"}],"wp:term":[{"taxonomy":"product_brand","embeddable":true,"href":"https:\/\/ibimaremoda.com\/es\/wp-json\/wp\/v2\/product_brand?post=51792"},{"taxonomy":"product_cat","embeddable":true,"href":"https:\/\/ibimaremoda.com\/es\/wp-json\/wp\/v2\/product_cat?post=51792"},{"taxonomy":"product_tag","embeddable":true,"href":"https:\/\/ibimaremoda.com\/es\/wp-json\/wp\/v2\/product_tag?post=51792"}],"curies":[{"name":"wp","href":"https:\/\/api.w.org\/{rel}","templated":true}]}}