{"id":51793,"date":"2025-07-02T00:53:07","date_gmt":"2025-07-01T22:53:07","guid":{"rendered":"https:\/\/ibimaremoda.com\/?post_type=product&#038;p=51793"},"modified":"2026-05-02T18:21:41","modified_gmt":"2026-05-02T16:21:41","slug":"p-brezza-di-mare","status":"publish","type":"product","link":"https:\/\/ibimaremoda.com\/es\/producto\/p-brezza-di-mare\/","title":{"rendered":"P- Brisa marina"},"content":{"rendered":"<p>Brisa marina<\/p>\n<p>Pantalones largos de lino natural 100%, talla \u00fanica, con una elegante abertura frontal y corte ancho.<\/p>\n<p>Brezza di Mare combina elegancia y comodidad, desliz\u00e1ndose suavemente sobre la figura y dejando entrever la pierna gracias a la abertura frontal, para un toque de feminidad y ligereza en cada paso.<\/p>\n<p>Con cintura el\u00e1stica y cordones ajustables, se adapta c\u00f3modamente al cuerpo, ofreciendo libertad de movimiento en los d\u00edas de verano, desde paseos por la playa hasta elegantes veladas.<\/p>\n<p>Confeccionada en lino natural 100%, es fresca y transpirable, ideal para looks minimalistas y refinados, combinada con tops cortos o chalecos de IBIMAREMODA para un look totalmente natural.<\/p>\n<p>\u2022 Material: Lino natural fino Libeco 100%<br \/>\n\u2022 Colores disponibles: blanco, beige claro, tostado, negro<br \/>\n\u2022 Tallas recomendadas: se ajusta c\u00f3modamente de la 38 a la 44.<br \/>\n\u2022 Env\u00edo gratuito a Espa\u00f1a (incluidas las Islas Baleares)<br \/>\n\u2022 Env\u00edo gratuito en Italia<br \/>\n\u2022 Env\u00edos disponibles a toda Europa.<br \/>\n\u2022 Tiempo de preparaci\u00f3n del pedido: 1-3 d\u00edas laborables<br \/>\n\u2022 Hecho a mano en Italia<\/p>","protected":false},"excerpt":{"rendered":"<p>Pantalone lungo in lino con spacco frontale, elastico in vita e laccetti regolabili. Linea ampia, taglia unica. Disponibile in bianco, beige chiara, tan, nero.<\/p>\n<p>Hecho en Italia.<\/p>","protected":false},"featured_media":51976,"comment_status":"open","ping_status":"closed","template":"","meta":{"_et_pb_use_builder":"","_et_pb_old_content":"","_et_gb_content_width":""},"product_brand":[],"product_cat":[27],"product_tag":[35,34,46],"class_list":{"0":"post-51793","1":"product","2":"type-product","3":"status-publish","4":"has-post-thumbnail","6":"product_cat-pantaloni","7":"product_tag-ibimaremoda","8":"product_tag-lino-naturale","9":"product_tag-pantalone-estivo-pantalone-con-spacco-brezza-di-mare","11":"first","12":"instock","13":"taxable","14":"shipping-taxable","15":"purchasable","16":"product-type-variable","17":"has-default-attributes"},"yoast_head":"<!-- This site is optimized with the Yoast SEO plugin v27.2 - https:\/\/yoast.com\/product\/yoast-seo-wordpress\/ -->\n<title>P- Brezza di Mare - Ibi Maremoda<\/title>\n<meta name=\"description\" content=\"Pantalone Brezza di Mare in lino con spacco frontale, taglia unica. Disponibile in bianco, beige chiaro, nero. Elegante, leggero, made in Italy, spedizione gratuita.\" \/>\n<meta name=\"robots\" content=\"index, follow, max-snippet:-1, max-image-preview:large, max-video-preview:-1\" \/>\n<link rel=\"canonical\" href=\"https:\/\/ibimaremoda.com\/es\/producto\/p-brezza-di-mare\/\" \/>\n<meta property=\"og:locale\" content=\"es_ES\" \/>\n<meta property=\"og:type\" content=\"article\" \/>\n<meta property=\"og:title\" content=\"P- Brezza di Mare - Ibi Maremoda\" \/>\n<meta property=\"og:description\" content=\"Pantalone Brezza di Mare in lino con spacco frontale, taglia unica. Disponibile in bianco, beige chiaro, nero. Elegante, leggero, made in Italy, spedizione gratuita.\" \/>\n<meta property=\"og:url\" content=\"https:\/\/ibimaremoda.com\/es\/producto\/p-brezza-di-mare\/\" \/>\n<meta property=\"og:site_name\" content=\"Ibi Maremoda\" \/>\n<meta property=\"article:modified_time\" content=\"2026-05-02T16:21:41+00:00\" \/>\n<meta property=\"og:image\" content=\"https:\/\/ibimaremoda.com\/wp-content\/uploads\/2025\/07\/Ibimaremoda-169.jpg\" \/>\n\t<meta property=\"og:image:width\" content=\"500\" \/>\n\t<meta property=\"og:image:height\" content=\"500\" \/>\n\t<meta property=\"og:image:type\" content=\"image\/jpeg\" \/>\n<meta name=\"twitter:card\" content=\"summary_large_image\" \/>\n<meta name=\"twitter:label1\" content=\"Tiempo de lectura\" \/>\n\t<meta name=\"twitter:data1\" content=\"2 minutos\" \/>\n<script type=\"application\/ld+json\" class=\"yoast-schema-graph\">{\"@context\":\"https:\/\/schema.org\",\"@graph\":[{\"@type\":\"WebPage\",\"@id\":\"https:\/\/ibimaremoda.com\/prodotto\/p-brezza-di-mare\/\",\"url\":\"https:\/\/ibimaremoda.com\/prodotto\/p-brezza-di-mare\/\",\"name\":\"P- Brezza di Mare - Ibi Maremoda\",\"isPartOf\":{\"@id\":\"https:\/\/ibimaremoda.com\/#website\"},\"primaryImageOfPage\":{\"@id\":\"https:\/\/ibimaremoda.com\/prodotto\/p-brezza-di-mare\/#primaryimage\"},\"image\":{\"@id\":\"https:\/\/ibimaremoda.com\/prodotto\/p-brezza-di-mare\/#primaryimage\"},\"thumbnailUrl\":\"https:\/\/ibimaremoda.com\/wp-content\/uploads\/2025\/07\/Ibimaremoda-169.jpg\",\"datePublished\":\"2025-07-01T22:53:07+00:00\",\"dateModified\":\"2026-05-02T16:21:41+00:00\",\"description\":\"Pantalone Brezza di Mare in lino con spacco frontale, taglia unica. Disponibile in bianco, beige chiaro, nero. Elegante, leggero, made in Italy, spedizione gratuita.\",\"breadcrumb\":{\"@id\":\"https:\/\/ibimaremoda.com\/prodotto\/p-brezza-di-mare\/#breadcrumb\"},\"inLanguage\":\"es\",\"potentialAction\":[{\"@type\":\"ReadAction\",\"target\":[\"https:\/\/ibimaremoda.com\/prodotto\/p-brezza-di-mare\/\"]}]},{\"@type\":\"ImageObject\",\"inLanguage\":\"es\",\"@id\":\"https:\/\/ibimaremoda.com\/prodotto\/p-brezza-di-mare\/#primaryimage\",\"url\":\"https:\/\/ibimaremoda.com\/wp-content\/uploads\/2025\/07\/Ibimaremoda-169.jpg\",\"contentUrl\":\"https:\/\/ibimaremoda.com\/wp-content\/uploads\/2025\/07\/Ibimaremoda-169.jpg\",\"width\":500,\"height\":500},{\"@type\":\"BreadcrumbList\",\"@id\":\"https:\/\/ibimaremoda.com\/prodotto\/p-brezza-di-mare\/#breadcrumb\",\"itemListElement\":[{\"@type\":\"ListItem\",\"position\":1,\"name\":\"Home\",\"item\":\"https:\/\/ibimaremoda.com\/\"},{\"@type\":\"ListItem\",\"position\":2,\"name\":\"Shop\",\"item\":\"https:\/\/ibimaremoda.com\/negozio\/\"},{\"@type\":\"ListItem\",\"position\":3,\"name\":\"P- Brezza di Mare\"}]},{\"@type\":\"WebSite\",\"@id\":\"https:\/\/ibimaremoda.com\/#website\",\"url\":\"https:\/\/ibimaremoda.com\/\",\"name\":\"Ibi Maremoda\",\"description\":\"\",\"potentialAction\":[{\"@type\":\"SearchAction\",\"target\":{\"@type\":\"EntryPoint\",\"urlTemplate\":\"https:\/\/ibimaremoda.com\/?s={search_term_string}\"},\"query-input\":{\"@type\":\"PropertyValueSpecification\",\"valueRequired\":true,\"valueName\":\"search_term_string\"}}],\"inLanguage\":\"es\"}]}<\/script>\n<!-- \/ Yoast SEO plugin. -->","yoast_head_json":{"title":"P- Brezza di Mare - Ibi Maremoda","description":"Pantalone Brezza di Mare in lino con spacco frontale, taglia unica. Disponibile in bianco, beige chiaro, nero. Elegante, leggero, made in Italy, spedizione gratuita.","robots":{"index":"index","follow":"follow","max-snippet":"max-snippet:-1","max-image-preview":"max-image-preview:large","max-video-preview":"max-video-preview:-1"},"canonical":"https:\/\/ibimaremoda.com\/es\/producto\/p-brezza-di-mare\/","og_locale":"es_ES","og_type":"article","og_title":"P- Brezza di Mare - Ibi Maremoda","og_description":"Pantalone Brezza di Mare in lino con spacco frontale, taglia unica. Disponibile in bianco, beige chiaro, nero. Elegante, leggero, made in Italy, spedizione gratuita.","og_url":"https:\/\/ibimaremoda.com\/es\/producto\/p-brezza-di-mare\/","og_site_name":"Ibi Maremoda","article_modified_time":"2026-05-02T16:21:41+00:00","og_image":[{"width":500,"height":500,"url":"https:\/\/ibimaremoda.com\/wp-content\/uploads\/2025\/07\/Ibimaremoda-169.jpg","type":"image\/jpeg"}],"twitter_card":"summary_large_image","twitter_misc":{"Tiempo de lectura":"2 minutos"},"schema":{"@context":"https:\/\/schema.org","@graph":[{"@type":"WebPage","@id":"https:\/\/ibimaremoda.com\/prodotto\/p-brezza-di-mare\/","url":"https:\/\/ibimaremoda.com\/prodotto\/p-brezza-di-mare\/","name":"P- Brezza di Mare - Ibi Maremoda","isPartOf":{"@id":"https:\/\/ibimaremoda.com\/#website"},"primaryImageOfPage":{"@id":"https:\/\/ibimaremoda.com\/prodotto\/p-brezza-di-mare\/#primaryimage"},"image":{"@id":"https:\/\/ibimaremoda.com\/prodotto\/p-brezza-di-mare\/#primaryimage"},"thumbnailUrl":"https:\/\/ibimaremoda.com\/wp-content\/uploads\/2025\/07\/Ibimaremoda-169.jpg","datePublished":"2025-07-01T22:53:07+00:00","dateModified":"2026-05-02T16:21:41+00:00","description":"Pantalone Brezza di Mare in lino con spacco frontale, taglia unica. Disponibile in bianco, beige chiaro, nero. Elegante, leggero, made in Italy, spedizione gratuita.","breadcrumb":{"@id":"https:\/\/ibimaremoda.com\/prodotto\/p-brezza-di-mare\/#breadcrumb"},"inLanguage":"es","potentialAction":[{"@type":"ReadAction","target":["https:\/\/ibimaremoda.com\/prodotto\/p-brezza-di-mare\/"]}]},{"@type":"ImageObject","inLanguage":"es","@id":"https:\/\/ibimaremoda.com\/prodotto\/p-brezza-di-mare\/#primaryimage","url":"https:\/\/ibimaremoda.com\/wp-content\/uploads\/2025\/07\/Ibimaremoda-169.jpg","contentUrl":"https:\/\/ibimaremoda.com\/wp-content\/uploads\/2025\/07\/Ibimaremoda-169.jpg","width":500,"height":500},{"@type":"BreadcrumbList","@id":"https:\/\/ibimaremoda.com\/prodotto\/p-brezza-di-mare\/#breadcrumb","itemListElement":[{"@type":"ListItem","position":1,"name":"Home","item":"https:\/\/ibimaremoda.com\/"},{"@type":"ListItem","position":2,"name":"Shop","item":"https:\/\/ibimaremoda.com\/negozio\/"},{"@type":"ListItem","position":3,"name":"P- Brezza di Mare"}]},{"@type":"WebSite","@id":"https:\/\/ibimaremoda.com\/#website","url":"https:\/\/ibimaremoda.com\/","name":"Ibi Maremoda","description":"","potentialAction":[{"@type":"SearchAction","target":{"@type":"EntryPoint","urlTemplate":"https:\/\/ibimaremoda.com\/?s={search_term_string}"},"query-input":{"@type":"PropertyValueSpecification","valueRequired":true,"valueName":"search_term_string"}}],"inLanguage":"es"}]}},"_links":{"self":[{"href":"https:\/\/ibimaremoda.com\/es\/wp-json\/wp\/v2\/product\/51793","targetHints":{"allow":["GET"]}}],"collection":[{"href":"https:\/\/ibimaremoda.com\/es\/wp-json\/wp\/v2\/product"}],"about":[{"href":"https:\/\/ibimaremoda.com\/es\/wp-json\/wp\/v2\/types\/product"}],"replies":[{"embeddable":true,"href":"https:\/\/ibimaremoda.com\/es\/wp-json\/wp\/v2\/comments?post=51793"}],"wp:featuredmedia":[{"embeddable":true,"href":"https:\/\/ibimaremoda.com\/es\/wp-json\/wp\/v2\/media\/51976"}],"wp:attachment":[{"href":"https:\/\/ibimaremoda.com\/es\/wp-json\/wp\/v2\/media?parent=51793"}],"wp:term":[{"taxonomy":"product_brand","embeddable":true,"href":"https:\/\/ibimaremoda.com\/es\/wp-json\/wp\/v2\/product_brand?post=51793"},{"taxonomy":"product_cat","embeddable":true,"href":"https:\/\/ibimaremoda.com\/es\/wp-json\/wp\/v2\/product_cat?post=51793"},{"taxonomy":"product_tag","embeddable":true,"href":"https:\/\/ibimaremoda.com\/es\/wp-json\/wp\/v2\/product_tag?post=51793"}],"curies":[{"name":"wp","href":"https:\/\/api.w.org\/{rel}","templated":true}]}}